{"id":43,"date":"2021-10-18T10:10:22","date_gmt":"2021-10-18T08:10:22","guid":{"rendered":"http:\/\/source.wpopal.com\/arcov\/about-us\/"},"modified":"2023-02-25T10:25:54","modified_gmt":"2023-02-25T09:25:54","slug":"about-us","status":"publish","type":"page","link":"https:\/\/www.lbl24.pl\/index.php\/about-us\/","title":{"rendered":"Zaczarowany Ogr\u00f3d Ducha"},"content":{"rendered":"<style>\/*! elementor - v3.9.0 - 06-12-2022 *\/<br \/>\n.elementor-heading-title{padding:0;margin:0;line-height:1}.elementor-widget-heading .elementor-heading-title[class*=elementor-size-]>a{color:inherit;font-size:inherit;line-height:inherit}.elementor-widget-heading .elementor-heading-title.elementor-size-small{font-size:15px}.elementor-widget-heading .elementor-heading-title.elementor-size-medium{font-size:19px}.elementor-widget-heading .elementor-heading-title.elementor-size-large{font-size:29px}.elementor-widget-heading .elementor-heading-title.elementor-size-xl{font-size:39px}.elementor-widget-heading .elementor-heading-title.elementor-size-xxl{font-size:59px}<\/style>\n<h4><\/h4>\n<h2 style=\"font-size: 60px; margin-bottom: 120px; color: #ffffff; font-family: Rajdhani; line-height: 1; text-transform: capitalize; letter-spacing: -1px; white-space: normal;\">Zaczarowany Ogr\u00f3d Ducha G\u00f3r w Szklarskiej Por\u0119bie<\/h2>\n<h2>Zaczarowany Ogr\u00f3d Ducha G\u00f3r w Szklarskiej Por\u0119bie<\/h2>\n<div class=\"gE iv gt\">\n<table class=\"cf gJ\" style=\"height: 27px;\" width=\"1280\" cellpadding=\"0\">\n<tbody>\n<tr class=\"acZ xD\">\n<td colspan=\"3\">\n<table class=\"cf adz\" cellpadding=\"0\">\n<tbody>\n<tr>\n<td class=\"ady\">\n<div id=\":o2\" class=\"ajy\" tabindex=\"0\" role=\"button\" aria-haspopup=\"true\" data-tooltip=\"Poka\u017c szczeg\u00f3\u0142y\" aria-label=\"Poka\u017c szczeg\u00f3\u0142y\"><img decoding=\"async\" class=\"ajz\" src=\"https:\/\/mail.google.com\/mail\/u\/0\/images\/cleardot.gif\" alt=\"\" \/><\/div>\n<\/td>\n<\/tr>\n<\/tbody>\n<\/table>\n<\/td>\n<\/tr>\n<\/tbody>\n<\/table>\n<\/div>\n<div class=\"\">\n<h3 id=\":o1\" tabindex=\"-1\"><span style=\"color: initial;\">Informujemy, \u017ce dzisiaj tj. 25 lutego 2023r. Zaczarowany Ogr\u00f3d Ducha G\u00f3r zostaje ZAMKNI\u0118TY.<\/span><\/h3>\n<div id=\":nq\" class=\"ii gt\">\n<h3 id=\":np\" class=\"a3s aiL \">DZI\u0118KUJEMY Wszystkim, kt\u00f3rzy nas odwiedzili. mamy nadziej\u0119 pozosta\u0107 w dobrej pami\u0119ci, a my pozostajemy w przekonaniu, \u017ce \u015aWIAT\u0141O CZYNI CUDA. Mrok b\u0119dzie zawsze nam towarzyszy\u0142, bo bez niego nie ma istoty \u015bwiat\u0142a, ale ka\u017cdy mrok mo\u017cna roz\u015bwietli\u0107.<br \/>\nDo zobaczenia gdzie\u015b, kiedy\u015b w bli\u017cszej lub dalszej przysz\u0142o\u015bci. Poznacie nas po magii \u015bwiat\u0142a, bo ten ogie\u0144 jest w nas i trudno b\u0119dzie go zgasi\u0107.<\/h3>\n<\/div>\n<\/div>\n<p><img loading=\"lazy\" decoding=\"async\" src=\"https:\/\/www.lbl24.pl\/wp-content\/uploads\/2022\/11\/the-spirit-of-the-mountains-3183575-189x300.png\" sizes=\"auto, (max-width: 189px) 100vw, 189px\" srcset=\"https:\/\/www.lbl24.pl\/wp-content\/uploads\/2022\/11\/the-spirit-of-the-mountains-3183575-189x300.png 189w, https:\/\/www.lbl24.pl\/wp-content\/uploads\/2022\/11\/the-spirit-of-the-mountains-3183575-644x1024.png 644w, https:\/\/www.lbl24.pl\/wp-content\/uploads\/2022\/11\/the-spirit-of-the-mountains-3183575-768x1221.png 768w, https:\/\/www.lbl24.pl\/wp-content\/uploads\/2022\/11\/the-spirit-of-the-mountains-3183575-966x1536.png 966w, https:\/\/www.lbl24.pl\/wp-content\/uploads\/2022\/11\/the-spirit-of-the-mountains-3183575.png 1208w\" alt=\"\" width=\"189\" height=\"300\" \/><br \/>\nMagiczne miejsce w G\u00f3rach Izerskich (Szklarska Por\u0119ba). Ogr\u00f3d stworzony ponad 100 lat temu przez braci Carla i Gerharda Hauptman (Gerhard jest laureatem literackiej Nagrody Nobla).Z pietyzmem zasadzone przed laty dostojne buki, \u015bwierki i d\u0119by stanowi\u0105 bajeczne uzupe\u0142nienie pejza\u017cu Karkonoszy. W ten cudowny krajobraz w komponowano o\u015bwietlenie. Z zachowaniem dobrostanu przyrody, dzi\u0119ki \u015bwiat\u0142u i cieniowi, powsta\u0142y magiczne sceny.W Ogrodzie, \u015bwiat\u0142u towarzyszy muzyka, arty\u015bci i animatorzy o\u017cywiaj\u0105c jego przestrze\u0144 i wyobra\u017ani\u0119 go\u015bci. Przekonajcie si\u0119 sami, \u017ce \u015awiat\u0142o Czyni Cuda. Autorem iluminacji jest firma LBL VAP Philips ze Szklarskiej Por\u0119by we wsp\u00f3\u0142pracy z Ogrode Botanicznym Uniwersytetu Wroc\u0142awskiego.<\/p>\n<style>\/*! elementor - v3.9.0 - 06-12-2022 *\/<br \/>\n.elementor-widget-image-carousel .swiper-container{position:static}.elementor-widget-image-carousel .swiper-container .swiper-slide figure{line-height:inherit}.elementor-widget-image-carousel .swiper-slide{text-align:center}.elementor-image-carousel-wrapper:not(.swiper-container-initialized) .swiper-slide{max-width:calc(100% \/ var(--e-image-carousel-slides-to-show, 3))}<\/style>\n<figure><img decoding=\"async\" src=\"https:\/\/www.lbl24.pl\/wp-content\/uploads\/2022\/11\/IMG_20220513_213327-768x1024.jpg\" alt=\"test\" \/><figcaption>17-19.05.2022r.<\/figcaption><\/figure>\n<figure><img decoding=\"async\" src=\"https:\/\/www.lbl24.pl\/wp-content\/uploads\/2022\/11\/IMG_20220513_213502-768x1024.jpg\" alt=\"17-19.05.2022r.\" \/><figcaption>17-19.05.2022r.<\/figcaption><\/figure>\n<figure><img decoding=\"async\" src=\"https:\/\/www.lbl24.pl\/wp-content\/uploads\/2022\/11\/IMG_20220513_230249-768x1024.jpg\" alt=\"17-19.05.2022r.\" \/><figcaption>17-19.05.2022r.<\/figcaption><\/figure>\n<figure><img decoding=\"async\" src=\"https:\/\/www.lbl24.pl\/wp-content\/uploads\/2022\/11\/IMG_20220513_230620-768x1024.jpg\" alt=\"17-19.05.2022r.\" \/><figcaption>17-19.05.2022r.<\/figcaption><\/figure>\n<figure><img decoding=\"async\" src=\"https:\/\/www.lbl24.pl\/wp-content\/uploads\/2022\/12\/IMG_20221203_165425-768x1024.jpg\" alt=\"03.12.2022r.\" \/><figcaption>03.12.2022r.<\/figcaption><\/figure>\n<figure><img decoding=\"async\" src=\"https:\/\/www.lbl24.pl\/wp-content\/uploads\/2022\/12\/IMG_20221203_173540-768x1024.jpg\" alt=\"03.12.2022r.\" \/><figcaption>03.12.2022r.<\/figcaption><\/figure>\n<figure><img decoding=\"async\" src=\"https:\/\/www.lbl24.pl\/wp-content\/uploads\/2022\/12\/IMG_20221203_173651_1-768x1024.jpg\" alt=\"03.12.2022r.\" \/><figcaption>03.12.2022r.<\/figcaption><\/figure>\n<figure><img decoding=\"async\" src=\"https:\/\/www.lbl24.pl\/wp-content\/uploads\/2022\/12\/IMG_20221203_173930-768x1024.jpg\" alt=\"03.12.2022r.\" \/><figcaption>03.12.2022r.<\/figcaption><\/figure>\n<figure><img decoding=\"async\" src=\"https:\/\/www.lbl24.pl\/wp-content\/uploads\/2022\/12\/IMG_20221203_173952-768x576.jpg\" alt=\"03.12.2022r.\" \/><figcaption>03.12.2022r.<\/figcaption><\/figure>\n<figure><img decoding=\"async\" src=\"https:\/\/www.lbl24.pl\/wp-content\/uploads\/2022\/12\/IMG_20221203_174806-768x1024.jpg\" alt=\"03.12.2022r.\" \/><figcaption>03.12.2022r.<\/figcaption><\/figure>\n<p>Poprzednie<br \/>\nNast\u0119pne<\/p>\n<h4 style=\"text-align: center;\" data-canvas-width=\"309.3600000000002\">Walo\u0144ski Jar w Zaczarowanym Ogrodzie Ducha G\u00f3r<\/h4>\n<p>Karkonosze s\u0105 jednym z najbogatszych mineralogicznie region\u00f3w Europy. Wiedzieli ju\u017c o tym \u015bredniowieczni poszukiwacze rud metali i kamieni szlachetnych, kt\u00f3rzy jako pierwsi odwa\u017cyli si\u0119 zapu\u015bci\u0107 g\u0142\u0119biej w te dzikie jeszcze wtedy g\u00f3ry. Pionierami byli &#8211; pochodz\u0105cy z pogranicza Belgii i Francji -Walonowie, kt\u00f3rzy ju\u017c we wczesnym\u015bredniowieczu stali si\u0119 cenionymi specjalistami z zakresu pozyskiwania bogactw naturalnych, w tym z\u0142ota i kamieni szlachetnych.Walo\u0144ski Jar to fragment Zaczarowanego Ogrodu Ducha G\u00f3r. O historii Walo\u0144czyk\u00f3w , poszukiwaczy skarb\u00f3w w Karkonoszach, podczas p\u00f3\u0142 godzinnego spaceru po Jarze opowiada\u0107 b\u0119d\u0105 cz\u0142onkowie Sudeckiego Bractwa Walo\u0144skiego (www.facebook.com\/BractwoWalonskie). Uczestnicy spaceruwyposa\u017ceni w stylowe lampy porusza\u0107 si\u0119 b\u0119d\u0105 po tajemniczym obszarze Ogrodu poznaj\u0105c tylko niekt\u00f3re tajemnice Walo\u0144czyk\u00f3w.Ze wzgl\u0119d\u00f3w organizacyjnych zwiedzanie Jaru odbywa si\u0119 wy\u0142\u0105cznie w grupach zorganizowanych licz\u0105cych max 30 os\u00f3b. Grupy oprowadza przewodnik.<\/p>\n<h4 style=\"text-align: center;\">Muzeum Dom Carla i Gerharta Hauptmann\u00f3w<\/h4>\n<p>Muzeum Dom Carla i Gerharta Hauptmann\u00f3w w Szklarskiej Por\u0119bie oddzia\u0142 Muzeum Karkonoskiego w Jeleniej G\u00f3rze to dom pisarzy &#8211; braci Hauptmann\u00f3w, po\u0142o\u017cony w malowniczej Dolinie Siedmiu Dom\u00f3w, u st\u00f3p rozleg\u0142ego parku stanowi\u0142 niegdy\u015b serce kolonii artyst\u00f3w. S\u0142awa p\u00f3\u017aniejszego noblisty Gerharta i charyzma mniej znanego Carla &#8211; autora m.in. \u201eKsi\u0119gi Ducha G\u00f3r\u201d (R\u00fcbezahlbuch) przyci\u0105ga\u0142y przedstawicieli kultury i sztuki z ca\u0142ej Europy. Otwarte w ich by\u0142ym domu muzeum, obok opieki nad spu\u015bcizn\u0105 po obu pisarzach, zajmuje si\u0119 badaniem \u017cycia artystycznego Karkonoszy i stawia sobie za cel pe\u0142nienie roli centrum kultury dla tutejszej kolonii artyst\u00f3w.Muzeum prezentuje pami\u0105tki po obu pisarzach, karkonoskie pejza\u017ce autorstwa malarzy zwi\u0105zanych z przedwojennym &#8220;Kunstlervereinigung St. Lukas in Ober &#8211; Schreiberhau&#8221; &#8211; &#8220;Bractwem Artystycznym \u015bw. \u0141ukasza w Szklarskiej Por\u0119bie G\u00f3rnej&#8221;, atak\u017ce kolekcj\u0119 obraz\u00f3w Wlastimila Hofmana i sztuk\u0119 wsp\u00f3\u0142czesnych artyst\u00f3w. Dooko\u0142a muzeum rozci\u0105ga si\u0119 park za\u0142o\u017cony przez Carla Hauptmanna, zrewaloryzowany w 2011 r. \u2013 obecnie \u201ePark Ducha G\u00f3r\u201d.W weekendy w godz. 16.00 \u2013 17.00, zapraszamy do zwiedzania Muzeum z przewodnikiem, a p\u00f3\u017aniej spacer po Zaczarowanym Ogrodzie Ducha G\u00f3r. Bilet \u0142\u0105czony do zakupu online oraz w kasie przed muzeum<\/p>\n<figure><img decoding=\"async\" src=\"https:\/\/www.lbl24.pl\/wp-content\/uploads\/2022\/11\/zaczarowany-ogrod-strona-1000x565.jpg\" alt=\"zaczarowany ogrod strona\" \/><\/figure>\n<figure><img decoding=\"async\" src=\"https:\/\/www.lbl24.pl\/wp-content\/uploads\/2022\/12\/ILUMINACJE_OB_strona-1000x565.jpg\" alt=\"ILUMINACJE_OB_strona\" \/><\/figure>\n<figure><img decoding=\"async\" src=\"https:\/\/www.lbl24.pl\/wp-content\/uploads\/2022\/12\/zaczarowany_ogrod_info-praktyczne-1000x565.jpg\" alt=\"zaczarowany_ogrod_info-praktyczne\" \/><\/figure>\n<p>Poprzednie<br \/>\nNast\u0119pne<\/p>\n<h2>PARTNER PROJEKTU:<\/h2>\n<figure><img decoding=\"async\" src=\"https:\/\/www.lbl24.pl\/wp-content\/uploads\/2022\/12\/logo-SBW.jpg\" alt=\"logo SBW\" \/><\/figure>\n<figure><img decoding=\"async\" src=\"https:\/\/www.lbl24.pl\/wp-content\/uploads\/2022\/11\/Logo_Uwr_OB.png\" alt=\"Logo_Uwr_OB\" \/><\/figure>\n<h4><a href=\"https:\/\/www.lbl24.pl\/wp-content\/uploads\/2022\/12\/cennik-na-strone.pdf\" target=\"_blank\" rel=\"noopener\">* CENNIK *\u00a0Zaczarowanego Ogrodu Ducha G\u00f3r<br \/>\n<\/a><\/h4>\n<h4><a href=\"https:\/\/www.lbl24.pl\/wp-content\/uploads\/2022\/12\/REGULAMIN-ODG-003.pdf\" target=\"_blank\" rel=\"noopener\">* REGULAMIN *<br \/>\nkorzystania z\u00a0terenu\u00a0Zaczarowanego Ogrodu Ducha G\u00f3r<br \/>\n<\/a><\/h4>\n","protected":false},"excerpt":{"rendered":"<p>Zaczarowany Ogr\u00f3d Ducha G\u00f3r w Szklarskiej Por\u0119bie Zaczarowany Ogr\u00f3d Ducha G\u00f3r w Szklarskiej Por\u0119bie Informujemy, \u017ce dzisiaj tj. 25 lutego 2023r. Zaczarowany Ogr\u00f3d Ducha G\u00f3r zostaje ZAMKNI\u0118TY. DZI\u0118KUJEMY Wszystkim, kt\u00f3rzy nas odwiedzili. mamy nadziej\u0119 pozosta\u0107 w dobrej pami\u0119ci, a my pozostajemy w przekonaniu, \u017ce \u015aWIAT\u0141O CZYNI CUDA. Mrok b\u0119dzie zawsze nam towarzyszy\u0142, bo bez niego [&hellip;]<\/p>\n","protected":false},"author":1,"featured_media":0,"parent":0,"menu_order":0,"comment_status":"closed","ping_status":"closed","template":"","meta":{"inline_featured_image":false,"footnotes":""},"class_list":["post-43","page","type-page","status-publish","hentry"],"_links":{"self":[{"href":"https:\/\/www.lbl24.pl\/index.php\/wp-json\/wp\/v2\/pages\/43","targetHints":{"allow":["GET"]}}],"collection":[{"href":"https:\/\/www.lbl24.pl\/index.php\/wp-json\/wp\/v2\/pages"}],"about":[{"href":"https:\/\/www.lbl24.pl\/index.php\/wp-json\/wp\/v2\/types\/page"}],"author":[{"embeddable":true,"href":"https:\/\/www.lbl24.pl\/index.php\/wp-json\/wp\/v2\/users\/1"}],"replies":[{"embeddable":true,"href":"https:\/\/www.lbl24.pl\/index.php\/wp-json\/wp\/v2\/comments?post=43"}],"version-history":[{"count":295,"href":"https:\/\/www.lbl24.pl\/index.php\/wp-json\/wp\/v2\/pages\/43\/revisions"}],"predecessor-version":[{"id":9124,"href":"https:\/\/www.lbl24.pl\/index.php\/wp-json\/wp\/v2\/pages\/43\/revisions\/9124"}],"wp:attachment":[{"href":"https:\/\/www.lbl24.pl\/index.php\/wp-json\/wp\/v2\/media?parent=43"}],"curies":[{"name":"wp","href":"https:\/\/api.w.org\/{rel}","templated":true}]}}