{"id":42,"date":"2021-10-18T10:10:22","date_gmt":"2021-10-18T08:10:22","guid":{"rendered":"http:\/\/source.wpopal.com\/arcov\/contact-us\/"},"modified":"2022-12-07T11:59:33","modified_gmt":"2022-12-07T10:59:33","slug":"contact","status":"publish","type":"page","link":"https:\/\/www.lbl24.pl\/index.php\/contact\/","title":{"rendered":"Kontakt"},"content":{"rendered":"\t\t<div data-elementor-type=\"wp-page\" data-elementor-id=\"42\" class=\"elementor elementor-42\">\n\t\t\t\t\t\t\t\t\t<div class=\"elementor-section elementor-top-section elementor-element elementor-element-bdf6eb5 elementor-section-stretched arcov-vertical-line-active elementor-section-boxed elementor-section-height-default elementor-section-height-default\" data-id=\"bdf6eb5\" data-element_type=\"section\" data-settings=\"{&quot;stretch_section&quot;:&quot;section-stretched&quot;,&quot;arcov_section_vertical_line_switcher&quot;:&quot;active&quot;}\">\n\t\t\t\t\t\t<div class=\"elementor-container elementor-column-gap-no\">\n\t\t\t\t\t<div class=\"elementor-column elementor-col-50 elementor-top-column elementor-element elementor-element-4acf58d\" data-id=\"4acf58d\" data-element_type=\"column\">\n\t\t\t<div class=\"elementor-widget-wrap elementor-element-populated\">\n\t\t\t\t\t\t\t\t<div class=\"elementor-element elementor-element-686c248 elementor-invisible elementor-widget elementor-widget-image\" data-id=\"686c248\" data-element_type=\"widget\" data-settings=\"{&quot;_animation&quot;:&quot;fadeInDown&quot;}\" data-widget_type=\"image.default\">\n\t\t\t\t<div class=\"elementor-widget-container\">\n\t\t\t<style>\/*! elementor - v3.9.0 - 06-12-2022 *\/\n.elementor-widget-image{text-align:center}.elementor-widget-image a{display:inline-block}.elementor-widget-image a img[src$=\".svg\"]{width:48px}.elementor-widget-image img{vertical-align:middle;display:inline-block}<\/style>\t\t\t\t\t\t\t\t\t\t\t\t<img loading=\"lazy\" decoding=\"async\" width=\"980\" height=\"281\" src=\"https:\/\/www.lbl24.pl\/wp-content\/uploads\/2022\/12\/LBL-vap-Signify-nowe-logo-X.2019-1024x294.jpg\" class=\"attachment-large size-large wp-image-8473\" alt=\"\" srcset=\"https:\/\/www.lbl24.pl\/wp-content\/uploads\/2022\/12\/LBL-vap-Signify-nowe-logo-X.2019-1024x294.jpg 1024w, https:\/\/www.lbl24.pl\/wp-content\/uploads\/2022\/12\/LBL-vap-Signify-nowe-logo-X.2019-300x86.jpg 300w, https:\/\/www.lbl24.pl\/wp-content\/uploads\/2022\/12\/LBL-vap-Signify-nowe-logo-X.2019-768x220.jpg 768w, https:\/\/www.lbl24.pl\/wp-content\/uploads\/2022\/12\/LBL-vap-Signify-nowe-logo-X.2019-1536x440.jpg 1536w, https:\/\/www.lbl24.pl\/wp-content\/uploads\/2022\/12\/LBL-vap-Signify-nowe-logo-X.2019-2048x587.jpg 2048w\" sizes=\"auto, (max-width: 980px) 100vw, 980px\" \/>\t\t\t\t\t\t\t\t\t\t\t\t\t\t\t<\/div>\n\t\t\t\t<\/div>\n\t\t\t\t<div class=\"elementor-element elementor-element-a42cc76 elementor-invisible elementor-widget elementor-widget-image\" data-id=\"a42cc76\" data-element_type=\"widget\" data-settings=\"{&quot;_animation&quot;:&quot;fadeInUp&quot;}\" data-widget_type=\"image.default\">\n\t\t\t\t<div class=\"elementor-widget-container\">\n\t\t\t\t\t\t\t\t\t\t\t\t\t\t\t<img loading=\"lazy\" decoding=\"async\" width=\"300\" height=\"119\" src=\"https:\/\/www.lbl24.pl\/wp-content\/uploads\/2022\/12\/SIGNIFY_LOGO_RGB-300x119.jpg\" class=\"attachment-medium size-medium wp-image-8472\" alt=\"\" srcset=\"https:\/\/www.lbl24.pl\/wp-content\/uploads\/2022\/12\/SIGNIFY_LOGO_RGB-300x119.jpg 300w, https:\/\/www.lbl24.pl\/wp-content\/uploads\/2022\/12\/SIGNIFY_LOGO_RGB-1024x405.jpg 1024w, https:\/\/www.lbl24.pl\/wp-content\/uploads\/2022\/12\/SIGNIFY_LOGO_RGB-768x304.jpg 768w, https:\/\/www.lbl24.pl\/wp-content\/uploads\/2022\/12\/SIGNIFY_LOGO_RGB-1536x608.jpg 1536w, https:\/\/www.lbl24.pl\/wp-content\/uploads\/2022\/12\/SIGNIFY_LOGO_RGB-2048x811.jpg 2048w\" sizes=\"auto, (max-width: 300px) 100vw, 300px\" \/>\t\t\t\t\t\t\t\t\t\t\t\t\t\t\t<\/div>\n\t\t\t\t<\/div>\n\t\t\t\t<div class=\"elementor-element elementor-element-79440a0 elementor-invisible elementor-widget elementor-widget-image\" data-id=\"79440a0\" data-element_type=\"widget\" data-settings=\"{&quot;_animation&quot;:&quot;fadeInUp&quot;}\" data-widget_type=\"image.default\">\n\t\t\t\t<div class=\"elementor-widget-container\">\n\t\t\t\t\t\t\t\t\t\t\t\t\t\t\t<img loading=\"lazy\" decoding=\"async\" width=\"300\" height=\"60\" src=\"https:\/\/www.lbl24.pl\/wp-content\/uploads\/2022\/12\/PHILIPS_2008_RGB-300x60.jpg\" class=\"attachment-medium size-medium wp-image-8471\" alt=\"\" srcset=\"https:\/\/www.lbl24.pl\/wp-content\/uploads\/2022\/12\/PHILIPS_2008_RGB-300x60.jpg 300w, https:\/\/www.lbl24.pl\/wp-content\/uploads\/2022\/12\/PHILIPS_2008_RGB-768x155.jpg 768w, https:\/\/www.lbl24.pl\/wp-content\/uploads\/2022\/12\/PHILIPS_2008_RGB.jpg 770w\" sizes=\"auto, (max-width: 300px) 100vw, 300px\" \/>\t\t\t\t\t\t\t\t\t\t\t\t\t\t\t<\/div>\n\t\t\t\t<\/div>\n\t\t\t\t\t<\/div>\n\t\t<\/div>\n\t\t\t\t<div class=\"elementor-column elementor-col-50 elementor-top-column elementor-element elementor-element-c55b026\" data-id=\"c55b026\" data-element_type=\"column\">\n\t\t\t<div class=\"elementor-widget-wrap elementor-element-populated\">\n\t\t\t\t\t\t\t\t<div class=\"elementor-element elementor-element-cc28352 elementor-widget__width-initial elementor-widget-mobile__width-inherit elementor-invisible elementor-widget elementor-widget-heading\" data-id=\"cc28352\" data-element_type=\"widget\" data-settings=\"{&quot;_animation&quot;:&quot;slideInDown&quot;}\" data-widget_type=\"heading.default\">\n\t\t\t\t<div class=\"elementor-widget-container\">\n\t\t\t<style>\/*! elementor - v3.9.0 - 06-12-2022 *\/\n.elementor-heading-title{padding:0;margin:0;line-height:1}.elementor-widget-heading .elementor-heading-title[class*=elementor-size-]>a{color:inherit;font-size:inherit;line-height:inherit}.elementor-widget-heading .elementor-heading-title.elementor-size-small{font-size:15px}.elementor-widget-heading .elementor-heading-title.elementor-size-medium{font-size:19px}.elementor-widget-heading .elementor-heading-title.elementor-size-large{font-size:29px}.elementor-widget-heading .elementor-heading-title.elementor-size-xl{font-size:39px}.elementor-widget-heading .elementor-heading-title.elementor-size-xxl{font-size:59px}<\/style><h2 class=\"elementor-heading-title elementor-size-default\">Masz pytania?<\/h2>\t\t<\/div>\n\t\t\t\t<\/div>\n\t\t\t\t<div class=\"elementor-element elementor-element-a11d159 elementor-invisible elementor-widget elementor-widget-text-editor\" data-id=\"a11d159\" data-element_type=\"widget\" data-settings=\"{&quot;_animation&quot;:&quot;slideInDown&quot;}\" data-widget_type=\"text-editor.default\">\n\t\t\t\t<div class=\"elementor-widget-container\">\n\t\t\t<style>\/*! elementor - v3.9.0 - 06-12-2022 *\/\n.elementor-widget-text-editor.elementor-drop-cap-view-stacked .elementor-drop-cap{background-color:#818a91;color:#fff}.elementor-widget-text-editor.elementor-drop-cap-view-framed .elementor-drop-cap{color:#818a91;border:3px solid;background-color:transparent}.elementor-widget-text-editor:not(.elementor-drop-cap-view-default) .elementor-drop-cap{margin-top:8px}.elementor-widget-text-editor:not(.elementor-drop-cap-view-default) .elementor-drop-cap-letter{width:1em;height:1em}.elementor-widget-text-editor .elementor-drop-cap{float:left;text-align:center;line-height:1;font-size:50px}.elementor-widget-text-editor .elementor-drop-cap-letter{display:inline-block}<\/style>\t\t\t\t<div><strong>LBL sp. z o.o., Partner Handlowy SIGNIFY<\/strong><\/div><div>58-580 Szklarska Por\u0119ba<\/div><div>ul. Wiejska 12d<\/div>\t\t\t\t\t\t<\/div>\n\t\t\t\t<\/div>\n\t\t\t\t<div class=\"elementor-element elementor-element-ca5bdc6 elementor-invisible elementor-widget elementor-widget-text-editor\" data-id=\"ca5bdc6\" data-element_type=\"widget\" data-settings=\"{&quot;_animation&quot;:&quot;slideInDown&quot;}\" data-widget_type=\"text-editor.default\">\n\t\t\t\t<div class=\"elementor-widget-container\">\n\t\t\t\t\t\t\t<div>tel. 0048 75 717 29 39<\/div>\t\t\t\t\t\t<\/div>\n\t\t\t\t<\/div>\n\t\t\t\t<div class=\"elementor-element elementor-element-bec8036 elementor-widget__width-auto elementor-invisible elementor-widget elementor-widget-text-editor\" data-id=\"bec8036\" data-element_type=\"widget\" data-settings=\"{&quot;_animation&quot;:&quot;slideInDown&quot;}\" data-widget_type=\"text-editor.default\">\n\t\t\t\t<div class=\"elementor-widget-container\">\n\t\t\t\t\t\t\t<p>email:\u00a0<a>biuro24@lbl24.pl<\/a><\/p>\t\t\t\t\t\t<\/div>\n\t\t\t\t<\/div>\n\t\t\t\t\t<\/div>\n\t\t<\/div>\n\t\t\t\t\t\t\t<\/div>\n\t\t<\/div>\n\t\t\t\t<div class=\"elementor-section elementor-top-section elementor-element elementor-element-c13ed5e elementor-section-stretched elementor-reverse-mobile elementor-section-boxed elementor-section-height-default elementor-section-height-default\" data-id=\"c13ed5e\" data-element_type=\"section\" data-settings=\"{&quot;stretch_section&quot;:&quot;section-stretched&quot;}\">\n\t\t\t\t\t\t<div class=\"elementor-container elementor-column-gap-no\">\n\t\t\t\t\t<div class=\"elementor-column elementor-col-50 elementor-top-column elementor-element elementor-element-26d00d3\" data-id=\"26d00d3\" data-element_type=\"column\" data-settings=\"{&quot;background_background&quot;:&quot;classic&quot;}\">\n\t\t\t<div class=\"elementor-widget-wrap elementor-element-populated\">\n\t\t\t\t\t\t\t\t<div class=\"elementor-element elementor-element-bc535ed elementor-widget__width-initial elementor-widget-mobile__width-inherit elementor-widget elementor-widget-heading\" data-id=\"bc535ed\" data-element_type=\"widget\" data-widget_type=\"heading.default\">\n\t\t\t\t<div class=\"elementor-widget-container\">\n\t\t\t<h2 class=\"elementor-heading-title elementor-size-default\">NAPISZ DO NAS<\/h2>\t\t<\/div>\n\t\t\t\t<\/div>\n\t\t\t\t<div class=\"elementor-element elementor-element-8333c5c elementor-widget__width-initial elementor-widget-mobile__width-inherit elementor-widget elementor-widget-text-editor\" data-id=\"8333c5c\" data-element_type=\"widget\" data-widget_type=\"text-editor.default\">\n\t\t\t\t<div class=\"elementor-widget-container\">\n\t\t\t\t\t\t\t<p>Wype\u0142nij dane poni\u017cej<\/p>\t\t\t\t\t\t<\/div>\n\t\t\t\t<\/div>\n\t\t\t\t<div class=\"elementor-element elementor-element-8beb04f contact-form-align-left elementor-widget elementor-widget-arcov-contactform\" data-id=\"8beb04f\" data-element_type=\"widget\" data-widget_type=\"arcov-contactform.default\">\n\t\t\t\t<div class=\"elementor-widget-container\">\n\t\t\t\n<div class=\"wpcf7 no-js\" id=\"wpcf7-f2229-o1\" lang=\"en-US\" dir=\"ltr\" data-wpcf7-id=\"2229\">\n<div class=\"screen-reader-response\"><p role=\"status\" aria-live=\"polite\" aria-atomic=\"true\"><\/p> <ul><\/ul><\/div>\n<form action=\"\/index.php\/wp-json\/wp\/v2\/pages\/42#wpcf7-f2229-o1\" method=\"post\" class=\"wpcf7-form init\" aria-label=\"Contact form\" novalidate=\"novalidate\" data-status=\"init\">\n<fieldset class=\"hidden-fields-container\"><input type=\"hidden\" name=\"_wpcf7\" value=\"2229\" \/><input type=\"hidden\" name=\"_wpcf7_version\" value=\"6.1.3\" \/><input type=\"hidden\" name=\"_wpcf7_locale\" value=\"en_US\" \/><input type=\"hidden\" name=\"_wpcf7_unit_tag\" value=\"wpcf7-f2229-o1\" \/><input type=\"hidden\" name=\"_wpcf7_container_post\" value=\"0\" \/><input type=\"hidden\" name=\"_wpcf7_posted_data_hash\" value=\"\" \/>\n<\/fieldset>\n<div class=\"row row-form\">\n\t<p class=\"column-desktop-6 column-12\"><br \/>\n<span class=\"wpcf7-form-control-wrap\" data-name=\"your-name\"><input size=\"40\" maxlength=\"400\" class=\"wpcf7-form-control wpcf7-text wpcf7-validates-as-required\" id=\"form-name-2\" aria-required=\"true\" aria-invalid=\"false\" placeholder=\"Imi\u0119 *\" value=\"\" type=\"text\" name=\"your-name\" \/><\/span>\n\t<\/p>\n\t<p class=\"column-desktop-6 column-12\"><br \/>\n<span class=\"wpcf7-form-control-wrap\" data-name=\"your-email\"><input size=\"40\" maxlength=\"400\" class=\"wpcf7-form-control wpcf7-email wpcf7-validates-as-required wpcf7-text wpcf7-validates-as-email\" id=\"form-email-2\" aria-required=\"true\" aria-invalid=\"false\" placeholder=\"Email *\" value=\"\" type=\"email\" name=\"your-email\" \/><\/span>\n\t<\/p>\n<\/div>\n<div class=\"row\">\n\t<p class=\"column-12\"><br \/>\n<span class=\"wpcf7-form-control-wrap\" data-name=\"your-message\"><textarea cols=\"40\" rows=\"3\" maxlength=\"2000\" class=\"wpcf7-form-control wpcf7-textarea wpcf7-validates-as-required\" aria-required=\"true\" aria-invalid=\"false\" name=\"your-message\">Napisz tekst do firmy LBL<\/textarea><\/span>\n\t<\/p>\n<\/div>\n<p><button type=\"submit\" value=\"Submit\"><span>WY\u015aLIJ <i aria-hidden=\"true\" class=\"arcov-icon-arrow\"><\/i><\/span><\/button>\n<\/p><div class=\"wpcf7-response-output\" aria-hidden=\"true\"><\/div>\n<\/form>\n<\/div>\n\t\t<\/div>\n\t\t\t\t<\/div>\n\t\t\t\t\t<\/div>\n\t\t<\/div>\n\t\t\t\t<div class=\"elementor-column elementor-col-50 elementor-top-column elementor-element elementor-element-2aa66d9\" data-id=\"2aa66d9\" data-element_type=\"column\">\n\t\t\t<div class=\"elementor-widget-wrap elementor-element-populated\">\n\t\t\t\t\t\t\t\t<div class=\"elementor-element elementor-element-772772c elementor-widget elementor-widget-google_maps\" data-id=\"772772c\" data-element_type=\"widget\" data-widget_type=\"google_maps.default\">\n\t\t\t\t<div class=\"elementor-widget-container\">\n\t\t\t<style>\/*! elementor - v3.9.0 - 06-12-2022 *\/\n.elementor-widget-google_maps .elementor-widget-container{overflow:hidden}.elementor-widget-google_maps iframe{height:300px}<\/style>\t\t<div class=\"elementor-custom-embed\">\n\t\t\t<iframe frameborder=\"0\" scrolling=\"no\" marginheight=\"0\" marginwidth=\"0\"\n\t\t\t\t\tsrc=\"https:\/\/maps.google.com\/maps?q=LBL%20SZKLARSKA%20POR%C4%98BA&#038;t=m&#038;z=10&#038;output=embed&#038;iwloc=near\"\n\t\t\t\t\ttitle=\"LBL SZKLARSKA POR\u0118BA\"\n\t\t\t\t\taria-label=\"LBL SZKLARSKA POR\u0118BA\"\n\t\t\t><\/iframe>\n\t\t<\/div>\n\t\t\t\t<\/div>\n\t\t\t\t<\/div>\n\t\t\t\t\t<\/div>\n\t\t<\/div>\n\t\t\t\t\t\t\t<\/div>\n\t\t<\/div>\n\t\t\t\t\t\t\t<\/div>\n\t\t","protected":false},"excerpt":{"rendered":"<p>Masz pytania? LBL sp. z o.o., Partner Handlowy SIGNIFY58-580 Szklarska Por\u0119baul. Wiejska 12dtel. 0048 75 717 29 39 email:\u00a0biuro24@lbl24.pl NAPISZ DO NAS Wype\u0142nij dane poni\u017cej Napisz tekst do firmy LBL WY\u015aLIJ<\/p>\n","protected":false},"author":1,"featured_media":0,"parent":0,"menu_order":0,"comment_status":"closed","ping_status":"closed","template":"","meta":{"inline_featured_image":false,"footnotes":""},"class_list":["post-42","page","type-page","status-publish","hentry"],"_links":{"self":[{"href":"https:\/\/www.lbl24.pl\/index.php\/wp-json\/wp\/v2\/pages\/42","targetHints":{"allow":["GET"]}}],"collection":[{"href":"https:\/\/www.lbl24.pl\/index.php\/wp-json\/wp\/v2\/pages"}],"about":[{"href":"https:\/\/www.lbl24.pl\/index.php\/wp-json\/wp\/v2\/types\/page"}],"author":[{"embeddable":true,"href":"https:\/\/www.lbl24.pl\/index.php\/wp-json\/wp\/v2\/users\/1"}],"replies":[{"embeddable":true,"href":"https:\/\/www.lbl24.pl\/index.php\/wp-json\/wp\/v2\/comments?post=42"}],"version-history":[{"count":72,"href":"https:\/\/www.lbl24.pl\/index.php\/wp-json\/wp\/v2\/pages\/42\/revisions"}],"predecessor-version":[{"id":8555,"href":"https:\/\/www.lbl24.pl\/index.php\/wp-json\/wp\/v2\/pages\/42\/revisions\/8555"}],"wp:attachment":[{"href":"https:\/\/www.lbl24.pl\/index.php\/wp-json\/wp\/v2\/media?parent=42"}],"curies":[{"name":"wp","href":"https:\/\/api.w.org\/{rel}","templated":true}]}}